{"id":140,"date":"2025-05-28T19:37:41","date_gmt":"2025-05-28T19:37:41","guid":{"rendered":"https:\/\/development3.frank-miller.gmbh\/?page_id=140"},"modified":"2026-01-14T13:12:06","modified_gmt":"2026-01-14T13:12:06","slug":"abteilung-turnen","status":"publish","type":"page","link":"https:\/\/svmindelzell.de\/index.php\/homeseite\/abteilungen\/abteilung-turnen\/","title":{"rendered":"Abteilung \u2013 Turnen"},"content":{"rendered":"<div class=\"fusion-fullwidth fullwidth-box fusion-builder-row-1 fusion-flex-container has-pattern-background has-mask-background nonhundred-percent-fullwidth non-hundred-percent-height-scrolling\" style=\"--awb-border-radius-top-left:0px;--awb-border-radius-top-right:0px;--awb-border-radius-bottom-right:0px;--awb-border-radius-bottom-left:0px;--awb-padding-bottom:30px;--awb-margin-top:20px;--awb-flex-wrap:wrap;\" ><div class=\"fusion-builder-row fusion-row fusion-flex-align-items-flex-start fusion-flex-content-wrap\" style=\"max-width:1248px;margin-left: calc(-4% \/ 2 );margin-right: calc(-4% \/ 2 );\"><div class=\"fusion-layout-column fusion_builder_column fusion-builder-column-0 fusion_builder_column_1_1 1_1 fusion-flex-column\" style=\"--awb-bg-size:cover;--awb-width-large:100%;--awb-margin-top-large:-25px;--awb-spacing-right-large:1.92%;--awb-margin-bottom-large:0px;--awb-spacing-left-large:1.92%;--awb-width-medium:100%;--awb-order-medium:0;--awb-spacing-right-medium:1.92%;--awb-spacing-left-medium:1.92%;--awb-width-small:100%;--awb-order-small:0;--awb-spacing-right-small:1.92%;--awb-spacing-left-small:1.92%;\" data-scroll-devices=\"small-visibility,medium-visibility,large-visibility\"><div class=\"fusion-column-wrapper fusion-column-has-shadow fusion-flex-justify-content-flex-start fusion-content-layout-column\"><section style=\"margin: 30px 0;\">\n  <h2 style=\"color: #000;\">Turnen<\/h2>\n  <p style=\"color: #000;\"> Die Abteilung Damen-Turnen wurde am 16.11.1977 gegr\u00fcndet. Als Abteilungsleiterin und Vorturnerin war Helene Baur \u201edie Frau der ersten Stunde\u201c. Neben den ganzj\u00e4hrigen Turnstunden gibt es jeden Winter ein abwechslungsreiches Programm, das Erna Schuler mit Hilfe weiterer Vorturnerinnen f\u00fcr Damen und Herren aller Altersgruppen zusammenstellt. Damit jeder getreu dem Motto \u201eWer rastet, der rostet\u201c auch fit durch den Winter kommt.\n<\/p>\n\n <div style=\"display: flex; flex-wrap: wrap; gap: 30px; max-width: 1200px; margin: 40px auto;\">\n    \n    <!-- Abteilungsleitung -->\n    <div style=\"flex: 1 1 400px; background: #fff; border-radius: 12px; padding: 20px; box-shadow: 0 4px 12px rgba(0,0,0,0.1); border-left: 6px solid #f28e1c;\">\n      <h3 style=\"color: #000; margin-top: 0;\">Abteilungsleitung<\/h3>\n      <p style=\"color: #000; margin: 6px 0;\">\n        <strong>Erna Schuler<\/strong><br>\n        <a href=\"mailto:turnen@svmindelzell.de\" style=\"color: #f28e1c;\">turnen@svmindelzell.de<\/a>\n      <\/p>\n    <\/div>\n\n    <!-- Trainingszeiten -->\n    <div style=\"flex: 1 1 400px; background: #fff; border-radius: 12px; padding: 20px; box-shadow: 0 4px 12px rgba(0,0,0,0.1); border-left: 6px solid #f28e1c;\">\n      <h3 style=\"color: #000; margin-top: 0;\">Trainingszeiten<\/h3>\n      <p style=\"color: #000; margin: 6px 0;\">\n        <strong>Turnen<\/strong><br>\n        Mittwoch, 19.00\u201320.00 Uhr<br>\n        Mehrzweckhalle Ursberg\n      <\/p>\n      <p style=\"color: #000; margin: 6px 0;\">\n        <strong>Sport f\u00fcr \u00c4ltere<\/strong><br>\n        Montag, 8.30 Uhr<br>\n        Schule Mindelzell\n      <\/p>\n    <\/div>\n\n  <\/div>\n<\/section>\n<!-- Font Awesome Einbindung (falls nicht schon vorhanden) -->\n<link rel=\"stylesheet\" href=\"https:\/\/cdnjs.cloudflare.com\/ajax\/libs\/font-awesome\/6.5.1\/css\/all.min.css\">\n\n<section style=\"margin:30px 0;\">\n<div style=\"max-width:1400px; margin:0 auto; padding:0 20px;\">\n  <h2 style=\"color:#000; text-align:left; margin-bottom:20px;\">Fit mit dem SV Mindelzell<\/h2>\n  <p style=\"max-width:1400px; color:#000; margin-bottom:40px;\">\n    Die Abteilung Turnen des SV Mindelzell startet mit neuen Stunden und Kursen ins Jahr 2026.\n  <\/p>\n\n  <style>\n    .kurs-container {\n      display: grid;\n      grid-template-columns: repeat(auto-fit, minmax(300px, 1fr));\n      gap: 25px;\n    }\n    .kurs-card {\n      background: #ffffff;\n      border-radius: 12px;\n      padding: 20px;\n      box-shadow: 0 6px 16px rgba(0,0,0,0.1);\n      transition: transform 0.3s ease;\n      border-left: 6px solid #f28e1c; \/* Orange Akzent *\/\n    }\n    .kurs-card:hover {\n      transform: translateY(-5px);\n    }\n    .kurs-card h3 {\n      margin-top: 0;\n      margin-bottom: 10px;\n      font-size: 20px;\n      color: #000;\n    }\n    .kurs-card p {\n      margin: 6px 0;\n      color: #231f20;\n      line-height: 1.5;\n    }\n    .kurs-icon {\n      color: #f28e1c;\n      margin-right: 8px;\n    }\n    .kurs-hinweis {\n      max-width: 1400px;\n      margin: 0px auto 0;\n      color: #000;\n      font-size: 15px;\n      line-height: 1.6;\n    }\n  <\/style>\n\n  <div class=\"kurs-container\">\n\n    <div class=\"kurs-card\">\n      <h3>Sport f\u00fcr \u00c4ltere<\/h3>\n <p>Die Kraft, Ausdauer, Gleichgewicht und Beweglichkeit f\u00f6rdern.<\/p>\n      <p><i class=\"fa-solid fa-calendar-days kurs-icon\"><\/i> Start: Mo, 01. Sept. 2025 \u2013 29.Juli 2026 (au\u00dfer in den Ferien)<\/p>\n<p><i class=\"fa-regular fa-clock kurs-icon\"><\/i> 9.00 Uhr <\/p>      \n<p><i class=\"fa-solid fa-location-dot kurs-icon\"><\/i> Schule Mindelzell<\/p>\n    <\/div>\n\n    <div class=\"kurs-card\">\n      <h3>Pilates f\u00fcr M\u00e4nner & Frauen<\/h3>\n\t<p>Intensives, ganzheitliches Training aktiviert die Tiefenmuskulatur und verbessert die Beweglichkeit und Muskelstraffung.<\/p>\n      <p><i class=\"fa-solid fa-calendar-days kurs-icon\"><\/i> Start: Di, 13. Jan. 2026 \u2013 24. Mrz. 2026 (10 Std.)<\/p>\n      <p><i class=\"fa-regular fa-clock kurs-icon\"><\/i> 18.00 Uhr<\/p>\n      <p><i class=\"fa-solid fa-location-dot kurs-icon\"><\/i> Mehrzweckhalle Ursberg<\/p>\n    <\/div>\n\n    <div class=\"kurs-card\">\n      <h3>Intervall-Fitness-Training<\/h3>\n      <p>Fit durch den Winter mit funktionellen Bewegungsformen f\u00fcr Ausdauer, Kraft und Beweglichkeit und Erholungspausen.<\/p>\n\t<p> <i class=\"fa-solid fa-calendar-days kurs-icon\"><\/i>Start: Di, 13. Jan. 2026 \u2013 24. Mrz. 2026 (10 Std.)<\/p>\n      <p><i class=\"fa-regular fa-clock kurs-icon\"><\/i> 19.00 Uhr<\/p>\n      <p><i class=\"fa-solid fa-location-dot kurs-icon\"><\/i> Mehrzweckhalle Ursberg<\/p>\n    <\/div>\n\n    <div class=\"kurs-card\">\n      <h3>Damen-Gymnastik<\/h3>\n\t  <p>Sport ist im Verein am Sch\u00f6nsten. Gesundheitssport in 2 Gruppen f\u00fcr jedes Alter.<\/p>\n      <p><i class=\"fa-solid fa-calendar-days kurs-icon\"><\/i> Start: Mi, 17. Sept. 2025 \u2013 29. Juli 2026 (au\u00dfer Ferien)<\/p>\n      <p><i class=\"fa-regular fa-clock kurs-icon\"><\/i> 19.00 Uhr<\/p>\n      <p><i class=\"fa-solid fa-location-dot kurs-icon\"><\/i> Mehrzweckhalle Ursberg<\/p>\n    <\/div>\n\n  <div class=\"kurs-card\">\n      <h3>MaxxF<\/h3>\n\t  <p>Die maximale Fitness mit 14 speziellen \u00dcbungen trainieren ohne Ger\u00e4te.<\/p>\n      <p><i class=\"fa-solid fa-calendar-days kurs-icon\"><\/i>Start: Do, 15. Jan. 2025 \u2013 26. Mrz. 2026 (10 Std.)<\/p>\n      <p><i class=\"fa-regular fa-clock kurs-icon\"><\/i> 18.30 Uhr<\/p>\n      <p><i class=\"fa-solid fa-location-dot kurs-icon\"><\/i> Schule Mindelzell<\/p>\n    <\/div>\n\n    <div class=\"kurs-card\">\n      <h3>Erlebnistanz<\/h3>\n\t  <p>Musik und Rhythmus wecken unsere Lebensgeister. Gesund und aktiv bleiben. Jeder kann mitmachen.<\/p>\n      <p><i class=\"fa-solid fa-calendar-days kurs-icon\"><\/i>Start: Do, 15. Jan. 2025 \u2013 18. Jun. 2026 (8 Std.)<\/p>\n      <p><i class=\"fa-regular fa-clock kurs-icon\"><\/i> 18.30 Uhr<\/p>\n      <p><i class=\"fa-solid fa-location-dot kurs-icon\"><\/i> Gemeindesaal Ursberg<\/p>\n    <\/div>\n  <\/div>\n<br>\n  <div class=\"kurs-hinweis\">\n    <p>Bitte melden Sie sich zu den Kursen an, die Teilnehmerzahl ist begrenzt.<\/p>\n    \n\t<h4>Anmeldung & Infos:<\/h4>\n    Erna Schuler \u2013 Tel. 08281-4769 (ab 13.00 Uhr) \u2013 <a href=\"mailto:turnen@svmindelzell.de\" style=\"color:#fff;\">turnen@svmindelzell.de<\/a><br>\n    Erlebnistanz: Birgit Kerler \u2013 Tel. 08281-5365<\/p>\n\n    <p><em>Nichtmitglieder sind herzlich willkommen!<\/em><\/p>\n  <\/div>\n<\/section>  <!-- Jahresr\u00fcckblick -->\n  <div style=\"max-width: 1400px; margin: 20px auto; color: #000;\">\n    <h3 style=\"color: #000;\">Jahresr\u00fcckblick 2024<\/h3>\n <p style=\"color: #000;\">Die Turnabteilung des SV Mindelzell blickt auf ein aktives und bewegtes Jahr zur\u00fcck. Rund 70 Frauen trainieren regelm\u00e4\u00dfig in drei Gruppen, die sich w\u00f6chentlich zur Fitness- und Gesundheitssport treffen. Ob fr\u00fch morgens beim \u201eSport f\u00fcr \u00c4ltere\u201c am Montag oder abends mittwochs in Ursberg \u2013 Kraft, Ausdauer und Beweglichkeit stehen im Mittelpunkt.\n\nAuch das Zusatzangebot im Fr\u00fchjahr und Herbst fand gro\u00dfen Anklang:\n\nPilates, Fit durch den Winter und MaxxF lockten viele neue Teilnehmerinnen und Teilnehmer.\n\nBesonders erfreulich: Durch die gemischten Kurse stieg die Teilnehmerzahl zeitweise auf bis zu 30 Personen pro Stunde.\n\nInsgesamt fanden im Jahr 2024 \u00fcber 200 \u00dcbungsstunden statt \u2013 ein beeindruckender Beleg f\u00fcr das Engagement der gesamten Abteilung:\n\n<li>Turnen Gruppen 1+2: 37x<\/li>\n\n<li>Turnen Gruppe 3: 44x<\/li>\n\n<li>Pilates & Fit durch den Winter: je 19x<\/li>\n\n<li>MaxxF: 19x<\/li>\n\n<li>Erlebnistanz: 28x + Bonusstunde<\/li>\n\nHinter diesem Programm steht ein starkes Team aus zehn qualifizierten \u00dcbungsleiterinnen \u2013 ein gro\u00dfes Dankesch\u00f6n an Helene, Leni, Roswitha, Petra, Erwine, Erna, Anni, Karin, Ingrid und Birgit! Besonders Birgit hat sich weitergebildet und ist nun zertifizierte Tanzleiterin im Bereich Seniorentanz.\n<br>\nAuch au\u00dferhalb der Halle war einiges geboten:\nDer Jahresausflug zur Insel Reichenau mit 38 Teilnehmerinnen sowie die stimmungsvolle Nikolausfeier beim Obra (Gasthaus zum Kreuz in Mindelzell) mit \u00fcber 50 G\u00e4sten rundeten das Jahr ab.\n<br>\nTrotz aller Erfolge bleibt die Herausforderung bestehen, neue \u00dcbungsleiterinnen und Helfer zu gewinnen. Der Bedarf ist da \u2013 gerade im Bereich \u201eSport f\u00fcr \u00c4ltere\u201c. Neue Gesichter sind jederzeit willkommen \u2013 es gibt viel Platz und noch mehr Motivation.<\/p>\n     <h3 style=\"color: #000;\"> Lust auf Bewegung \u2013 dann probiere dich durch unser Programm! <\/h3>\n  <\/div>\n<\/section><\/div><\/div><\/div><\/div>\n","protected":false},"excerpt":{"rendered":"","protected":false},"author":1,"featured_media":0,"parent":248,"menu_order":0,"comment_status":"closed","ping_status":"closed","template":"100-width.php","meta":{"footnotes":""},"class_list":["post-140","page","type-page","status-publish","hentry"],"_links":{"self":[{"href":"https:\/\/svmindelzell.de\/index.php\/wp-json\/wp\/v2\/pages\/140","targetHints":{"allow":["GET"]}}],"collection":[{"href":"https:\/\/svmindelzell.de\/index.php\/wp-json\/wp\/v2\/pages"}],"about":[{"href":"https:\/\/svmindelzell.de\/index.php\/wp-json\/wp\/v2\/types\/page"}],"author":[{"embeddable":true,"href":"https:\/\/svmindelzell.de\/index.php\/wp-json\/wp\/v2\/users\/1"}],"replies":[{"embeddable":true,"href":"https:\/\/svmindelzell.de\/index.php\/wp-json\/wp\/v2\/comments?post=140"}],"version-history":[{"count":11,"href":"https:\/\/svmindelzell.de\/index.php\/wp-json\/wp\/v2\/pages\/140\/revisions"}],"predecessor-version":[{"id":1011,"href":"https:\/\/svmindelzell.de\/index.php\/wp-json\/wp\/v2\/pages\/140\/revisions\/1011"}],"up":[{"embeddable":true,"href":"https:\/\/svmindelzell.de\/index.php\/wp-json\/wp\/v2\/pages\/248"}],"wp:attachment":[{"href":"https:\/\/svmindelzell.de\/index.php\/wp-json\/wp\/v2\/media?parent=140"}],"curies":[{"name":"wp","href":"https:\/\/api.w.org\/{rel}","templated":true}]}}