{"id":452,"date":"2025-07-26T13:59:28","date_gmt":"2025-07-26T13:59:28","guid":{"rendered":"https:\/\/development3.frank-miller.gmbh\/?page_id=452"},"modified":"2025-07-27T19:49:47","modified_gmt":"2025-07-27T19:49:47","slug":"impressum","status":"publish","type":"page","link":"https:\/\/svmindelzell.de\/index.php\/homeseite\/impressum\/","title":{"rendered":"Impressum"},"content":{"rendered":"<div class=\"fusion-fullwidth fullwidth-box fusion-builder-row-1 fusion-flex-container has-pattern-background has-mask-background nonhundred-percent-fullwidth non-hundred-percent-height-scrolling\" style=\"--awb-border-radius-top-left:0px;--awb-border-radius-top-right:0px;--awb-border-radius-bottom-right:0px;--awb-border-radius-bottom-left:0px;--awb-flex-wrap:wrap;\" ><div class=\"fusion-builder-row fusion-row fusion-flex-align-items-flex-start fusion-flex-content-wrap\" style=\"max-width:1248px;margin-left: calc(-4% \/ 2 );margin-right: calc(-4% \/ 2 );\"><div class=\"fusion-layout-column fusion_builder_column fusion-builder-column-0 fusion_builder_column_1_1 1_1 fusion-flex-column\" style=\"--awb-bg-size:cover;--awb-width-large:100%;--awb-margin-top-large:0px;--awb-spacing-right-large:1.92%;--awb-margin-bottom-large:20px;--awb-spacing-left-large:1.92%;--awb-width-medium:100%;--awb-order-medium:0;--awb-spacing-right-medium:1.92%;--awb-spacing-left-medium:1.92%;--awb-width-small:100%;--awb-order-small:0;--awb-spacing-right-small:1.92%;--awb-spacing-left-small:1.92%;\"><div class=\"fusion-column-wrapper fusion-column-has-shadow fusion-flex-justify-content-flex-start fusion-content-layout-column\"><h2>Impressum<\/h2>\n\n<p><strong>Angaben gem\u00e4\u00df \u00a7 5 TMG<\/strong><\/p>\n\n<p>SV Mindelzell e.V.<br>\nAm Mittleren Kreuz 32<br>\n86513 Ursberg<\/p>\n\n<p><strong>Vertreten durch:<\/strong><br>\nTobias Riederle (1. Vorsitzender)<\/p>\n\n<p><strong>Kontakt:<\/strong><br>\nTelefon: 0172-6179257<br>\nE-Mail: <a href=\"mailto:vorstand@svmindelzell.de\">vorstand@svmindelzell.de<\/a><\/p>\n\n<p><strong>Registereintrag:<\/strong><br>\nEintragung im Vereinsregister<br>\nRegistergericht: Amtsgericht Memmingen<br>\nRegisternummer: 10104 <\/p>\n\n<p><strong>Verantwortlich f\u00fcr den Inhalt nach \u00a7 55 Abs. 2 RStV:<\/strong><br>\nTobias Riederle<br>\nAm Mittleren Kreuz 32<br>\n86513 Ursberg<\/p>\n\n<p><strong>Haftungsausschluss:<\/strong><br>\nTrotz sorgf\u00e4ltiger inhaltlicher Kontrolle \u00fcbernehmen wir keine Haftung f\u00fcr die Inhalte externer Links. F\u00fcr den Inhalt der verlinkten Seiten sind ausschlie\u00dflich deren Betreiber verantwortlich.<\/p>\n\n<p><strong>Urheberrecht:<\/strong><br>\nAlle Inhalte dieser Webseite (Texte, Bilder, Grafiken, Layout) sind urheberrechtlich gesch\u00fctzt. Eine Verwendung bedarf der ausdr\u00fccklichen Zustimmung des SV Mindelzell e.V.<\/p>\n\n<p><strong>Streitschlichtung:<\/strong><br>\nWir sind zur Teilnahme an einem Streitbeilegungsverfahren vor einer Verbraucherschlichtungsstelle weder verpflichtet noch bereit.<\/p>\n<\/div><\/div><\/div><\/div>\n","protected":false},"excerpt":{"rendered":"","protected":false},"author":1,"featured_media":0,"parent":6,"menu_order":0,"comment_status":"closed","ping_status":"closed","template":"100-width.php","meta":{"footnotes":""},"class_list":["post-452","page","type-page","status-publish","hentry"],"_links":{"self":[{"href":"https:\/\/svmindelzell.de\/index.php\/wp-json\/wp\/v2\/pages\/452","targetHints":{"allow":["GET"]}}],"collection":[{"href":"https:\/\/svmindelzell.de\/index.php\/wp-json\/wp\/v2\/pages"}],"about":[{"href":"https:\/\/svmindelzell.de\/index.php\/wp-json\/wp\/v2\/types\/page"}],"author":[{"embeddable":true,"href":"https:\/\/svmindelzell.de\/index.php\/wp-json\/wp\/v2\/users\/1"}],"replies":[{"embeddable":true,"href":"https:\/\/svmindelzell.de\/index.php\/wp-json\/wp\/v2\/comments?post=452"}],"version-history":[{"count":4,"href":"https:\/\/svmindelzell.de\/index.php\/wp-json\/wp\/v2\/pages\/452\/revisions"}],"predecessor-version":[{"id":463,"href":"https:\/\/svmindelzell.de\/index.php\/wp-json\/wp\/v2\/pages\/452\/revisions\/463"}],"up":[{"embeddable":true,"href":"https:\/\/svmindelzell.de\/index.php\/wp-json\/wp\/v2\/pages\/6"}],"wp:attachment":[{"href":"https:\/\/svmindelzell.de\/index.php\/wp-json\/wp\/v2\/media?parent=452"}],"curies":[{"name":"wp","href":"https:\/\/api.w.org\/{rel}","templated":true}]}}