{"id":453,"date":"2025-07-26T14:00:08","date_gmt":"2025-07-26T14:00:08","guid":{"rendered":"https:\/\/development3.frank-miller.gmbh\/?page_id=453"},"modified":"2025-08-04T17:05:45","modified_gmt":"2025-08-04T17:05:45","slug":"datenschutz","status":"publish","type":"page","link":"https:\/\/svmindelzell.de\/index.php\/homeseite\/datenschutz\/","title":{"rendered":"Datenschutz"},"content":{"rendered":"<div class=\"fusion-fullwidth fullwidth-box fusion-builder-row-1 fusion-flex-container has-pattern-background has-mask-background nonhundred-percent-fullwidth non-hundred-percent-height-scrolling\" style=\"--awb-border-radius-top-left:0px;--awb-border-radius-top-right:0px;--awb-border-radius-bottom-right:0px;--awb-border-radius-bottom-left:0px;--awb-flex-wrap:wrap;\" ><div class=\"fusion-builder-row fusion-row fusion-flex-align-items-flex-start fusion-flex-content-wrap\" style=\"max-width:1248px;margin-left: calc(-4% \/ 2 );margin-right: calc(-4% \/ 2 );\"><div class=\"fusion-layout-column fusion_builder_column fusion-builder-column-0 fusion_builder_column_1_1 1_1 fusion-flex-column\" style=\"--awb-bg-size:cover;--awb-width-large:100%;--awb-margin-top-large:0px;--awb-spacing-right-large:1.92%;--awb-margin-bottom-large:20px;--awb-spacing-left-large:1.92%;--awb-width-medium:100%;--awb-order-medium:0;--awb-spacing-right-medium:1.92%;--awb-spacing-left-medium:1.92%;--awb-width-small:100%;--awb-order-small:0;--awb-spacing-right-small:1.92%;--awb-spacing-left-small:1.92%;\"><div class=\"fusion-column-wrapper fusion-column-has-shadow fusion-flex-justify-content-flex-start fusion-content-layout-column\"><h2 style=\"color: #000;\"> Datenschutzerkl\u00e4rung \/ Privacy Policy<\/h2>\n\n<p>Der SV Mindelzell e.V. (im Folgenden \u201eSV Mindelzell\u201c) nimmt als Anbieter dieser Website www.svmindelzell.de und verantwortliche Stelle die Verpflichtung zum Datenschutz sehr ernst und gestaltet die Website so, dass nur so wenige personenbezogene Daten wie n\u00f6tig erhoben, verarbeitet und genutzt werden. Unter keinen Umst\u00e4nden werden personenbezogene Daten zu Werbezwecken an Dritte vermietet oder verkauft. Ohne ausdr\u00fcckliche Einwilligung der Besuchenden werden keine personenbezogenen Daten f\u00fcr Werbe- oder Marketingzwecke genutzt.<\/p>\n\n<p>Zugriff auf personenbezogene Daten haben beim SV Mindelzell nur solche Personen, die diese Daten zur Durchf\u00fchrung ihrer Aufgaben innerhalb des Vereins ben\u00f6tigen, die \u00fcber die gesetzlichen Bestimmungen zum Datenschutz informiert sind und sich gem\u00e4\u00df Art. 5 der EU-Datenschutzgrundverordnung (EU-DSGVO) verpflichtet haben, diese einzuhalten. Die Erhebung, Verarbeitung, Nutzung und \u00dcbermittlung der personenbezogenen Daten erfolgt gem\u00e4\u00df Art. 6 Abs. 1 EU-DSGVO nur in dem Umfang, der f\u00fcr die Durchf\u00fchrung eines Vertragsverh\u00e4ltnisses zwischen dem SV Mindelzell als verantwortlicher Stelle und den Besuchenden erforderlich ist.<\/p>\n\n<h3>Zweck\u00e4nderungen der Verarbeitung und Datennutzung<\/h3>\n\n<p>Da sich aufgrund des technischen Fortschritts und organisatorischer \u00c4nderungen der eingesetzten Verarbeitungsverfahren \u00c4nderungen ergeben k\u00f6nnen, behalten wir uns vor, diese Datenschutzerkl\u00e4rung gem\u00e4\u00df neuen technischen Rahmenbedingungen weiterzuentwickeln. Wir bitten Sie deshalb, die Datenschutzerkl\u00e4rung des SV Mindelzell von Zeit zu Zeit zu \u00fcberpr\u00fcfen.<\/p>\n\n<p>Sollten Sie mit den im Verlauf der Zeit auftretenden Weiterentwicklungen nicht einverstanden sein, k\u00f6nnen Sie gem\u00e4\u00df Art. 17 EU-DSGVO schriftlich eine L\u00f6schung der Daten verlangen, soweit diese nicht auf Grundlage gesetzlicher Vorgaben (z.\u202fB. handels- oder steuerrechtlicher Aufbewahrungspflichten) gespeichert werden m\u00fcssen.<\/p>\n\n<h3>Anonyme Datenerhebung<\/h3>\n\n<p>Sie k\u00f6nnen die Webseiten des SV Mindelzell grunds\u00e4tzlich besuchen, ohne uns mitzuteilen, wer Sie sind. Wir erfahren nur den Namen Ihres Internet-Service-Providers, die Webseite, von der aus Sie uns besuchen, sowie die Unterseiten, die Sie bei uns aufrufen. Rechtsgrundlage f\u00fcr diese Datenerhebung ist Art. 6 Abs. 1 lit. b DSGVO. Diese Informationen werden ausschlie\u00dflich zu statistischen Zwecken ausgewertet. Sie bleiben dabei als einzelner Nutzer anonym.<\/p>\n<h2 style=\"color: #000;\">Erhebung und Verarbeitung personenbezogener Daten<\/h2>\n\n<p>Personenbezogene Daten werden nur erhoben, wenn Sie uns diese von sich aus \u2013 zum Beispiel zur Newsletteranmeldung \u2013 mitteilen und zur Nutzung der Daten Ihre Einwilligung erteilen (Art. 6 Abs. 1 lit. a DSGVO ggf. i.V.m. \u00a7 25 Abs. 1 TDDG). Der SV Mindelzell e.V. h\u00e4lt sich dabei an die Vorgaben der Art. 5 und 6 der EU-Datenschutzgrundverordnung.<\/p>\n\n<p>Im Rahmen der personalisierten Dienste des Vereins werden Ihre Registrierungsdaten unter der Voraussetzung Ihrer Einwilligung zum Zwecke der Zusendung unseres Newsletters bzw. zur bedarfsgerechten Gestaltung unserer digitalen Angebote verarbeitet.<\/p>\n\n<p>Sie haben jederzeit die M\u00f6glichkeit, der Speicherung Ihrer personenbezogenen Daten zu widersprechen. Bitte senden Sie dazu eine E-Mail an <strong>vorstand@svmindelzell.de<\/strong> mit dem Betreff \u201eDatenbest\u00e4nde austragen\u201c und geben Sie dabei bitte die betreffende Webseite an.<\/p>\n\n<p>Die Verarbeitung und Nutzung Ihrer personenbezogenen Daten erfolgt ausschlie\u00dflich nach den Vorgaben der DSGVO.<\/p>\n\n<h3>Speicherdauer<\/h3>\n\n<p>Wir speichern Ihre personenbezogenen Daten nur so lange, wie sie f\u00fcr die Bereitstellung der von Ihnen gew\u00fcnschten Leistungen oder zur Erf\u00fcllung vertraglicher Verpflichtungen erforderlich sind. Eine dar\u00fcberhinausgehende Speicherung erfolgt lediglich, wenn gesetzliche Aufbewahrungspflichten bestehen oder berechtigte Interessen an der Datenverarbeitung vorliegen.<\/p>\n\n<h3>Rechte der betroffenen Personen<\/h3>\n\n<h4>Widerruf der Einwilligung<\/h4>\n<p>Sie haben das Recht, eine erteilte Einwilligung zur Verarbeitung Ihrer personenbezogenen Daten jederzeit mit Wirkung f\u00fcr die Zukunft zu widerrufen.<\/p>\n\n<h4>Auskunftsrecht<\/h4>\n<p>Sie k\u00f6nnen von uns eine Best\u00e4tigung dar\u00fcber verlangen, ob personenbezogene Daten von Ihnen verarbeitet werden. Sofern dies der Fall ist, haben Sie ein Recht auf Auskunft \u00fcber:<\/p>\n<ul>\n  <li>die Zwecke der Verarbeitung,<\/li>\n  <li>die Kategorien personenbezogener Daten,<\/li>\n  <li>die Empf\u00e4nger (bzw. Kategorien von Empf\u00e4ngern),<\/li>\n  <li>die geplante Speicherdauer,<\/li>\n  <li>das Bestehen eines Beschwerderechts,<\/li>\n  <li>die Herkunft der Daten, wenn diese nicht bei Ihnen erhoben wurden.<\/li>\n<\/ul>\n\n<p>Die Auskunft wird sp\u00e4testens innerhalb eines Monats nach Eingang des schriftlichen Auskunftsersuchens erteilt. Bitte beachten Sie, dass die Identit\u00e4t des Anfragenden zweifelsfrei festgestellt werden muss.<\/p>\n\n<h4>Berichtigung<\/h4>\n<p>Sie haben das Recht, die Berichtigung unrichtiger oder die Vervollst\u00e4ndigung unvollst\u00e4ndiger Daten zu verlangen.<\/p>\n\n<h4>L\u00f6schung (\u201eRecht auf Vergessenwerden\u201c)<\/h4>\n<p>Sie haben das Recht, die L\u00f6schung Ihrer personenbezogenen Daten zu verlangen, wenn:<\/p>\n<ul>\n  <li>die Daten f\u00fcr die urspr\u00fcnglichen Zwecke nicht mehr ben\u00f6tigt werden,<\/li>\n  <li>Sie Ihre Einwilligung widerrufen haben und keine anderweitige Rechtsgrundlage besteht,<\/li>\n  <li>Sie Widerspruch einlegen und keine vorrangigen Gr\u00fcnde f\u00fcr die Verarbeitung bestehen,<\/li>\n  <li>die Daten unrechtm\u00e4\u00dfig verarbeitet wurden,<\/li>\n  <li>die L\u00f6schung gesetzlich erforderlich ist.<\/li>\n<\/ul>\n\n<h4>Einschr\u00e4nkung der Verarbeitung<\/h4>\n<p>Sie haben das Recht, die Einschr\u00e4nkung der Verarbeitung Ihrer Daten zu verlangen, wenn:<\/p>\n<ul>\n  <li>Sie die Richtigkeit der Daten bestreiten (f\u00fcr die Dauer der Pr\u00fcfung),<\/li>\n  <li>die Verarbeitung unrechtm\u00e4\u00dfig ist, aber Sie keine L\u00f6schung w\u00fcnschen,<\/li>\n  <li>wir die Daten nicht mehr ben\u00f6tigen, Sie diese jedoch zur Geltendmachung von Rechtsanspr\u00fcchen brauchen,<\/li>\n  <li>Sie Widerspruch eingelegt haben, solange noch gepr\u00fcft wird, ob unsere berechtigten Interessen \u00fcberwiegen.<\/li>\n<\/ul>\n\n<h4>Daten\u00fcbertragbarkeit<\/h4>\n<p>Sie haben das Recht, Ihre personenbezogenen Daten in einem strukturierten, g\u00e4ngigen und maschinenlesbaren Format zu erhalten und an einen anderen Verantwortlichen zu \u00fcbermitteln.<\/p>\n\n<h4>Widerspruchsrecht<\/h4>\n<p>Sie haben das Recht, der Verarbeitung Ihrer Daten jederzeit zu widersprechen, sofern diese auf Art. 6 Abs. 1 lit. e oder f DSGVO beruht. Im Fall des Widerspruchs werden Ihre Daten nicht weiterverarbeitet, es sei denn, es liegen zwingende schutzw\u00fcrdige Gr\u00fcnde vor.<\/p>\n\n<h4>Beschwerderecht bei der Aufsichtsbeh\u00f6rde<\/h4>\n<p>Sie haben das Recht, sich bei der zust\u00e4ndigen Datenschutzaufsichtsbeh\u00f6rde zu beschweren:<\/p>\n\n<p><strong>Bayerisches Landesamt f\u00fcr Datenschutzaufsicht (BayLDA)<\/strong><br>\nPromenade 18<br>\n91522 Ansbach<br>\n<a href=\"https:\/\/www.lda.bayern.de\" target=\"_blank\" style=\"color: #f28e1c;\">www.lda.bayern.de<\/a><\/p>\n\n  <h2style=\"color: #000;\">Export und Verarbeitung der Daten au\u00dferhalb des Europ\u00e4ischen Wirtschaftsraumes<\/h2>\n\n<p>Es findet grunds\u00e4tzlich kein Export Ihrer personenbezogenen Daten in Staaten au\u00dferhalb des Europ\u00e4ischen Wirtschaftsraumes (EWR) statt. Soweit ausnahmsweise ein Export stattfindet, informieren wir Sie im jeweiligen Abschnitt dieser Datenschutzerkl\u00e4rung dar\u00fcber.<\/p>\n\n<p>F\u00fcr die \u00dcbertragung in sogenannte Drittstaaten stellt der SV Mindelzell e.V. die nach DSGVO erforderlichen Garantien f\u00fcr ein angemessenes Datenschutzniveau sicher \u2013 z.\u202fB. \u00fcber den Abschluss von EU-Standardvertragsklauseln, sofern kein Angemessenheitsbeschluss der EU-Kommission vorliegt. Dar\u00fcber hinaus pr\u00fcfen wir erg\u00e4nzend, ob der Anbieter im Drittstaat die DSGVO-Vorgaben erf\u00fcllt.<\/p>\n\n<p>Bitte beachten Sie, dass bei bestimmten Diensten wie z.\u202fB. Facebook oder Google Analytics eine \u00dcbertragung von Daten in die USA m\u00f6glich ist. Weitere Informationen dazu finden Sie in den entsprechenden Abschnitten dieser Datenschutzerkl\u00e4rung.<\/p>\n\n<p>Alle sonstigen von uns beauftragten Dienstleister betreiben ihre IT-Infrastruktur ausschlie\u00dflich innerhalb des EWR. Mit diesen bestehen Auftragsverarbeitungsvertr\u00e4ge gem. Art. 28 DSGVO. Auch im Falle der Verarbeitung durch externe Dienstleister bleibt der SV Mindelzell e.V. die datenschutzrechtlich verantwortliche Stelle.<\/p>\n\n  <h2 style=\"color: #000;\">Verwendung von Cookies<\/h2>\n\n<p>Wir verwenden Cookies, um die Nutzung unserer Website benutzerfreundlicher zu gestalten. Cookies sind kleine Textdateien, die auf Ihrem Endger\u00e4t gespeichert werden.<\/p>\n\n<h3>Sitzungscookies<\/h3>\nZur Verwaltung der eingesetzten Cookies und \u00e4hnlichen Technologien (Tracking-Pixel, Web-Beacons etc.) und diesbez\u00fcglicher Einwilligungen setzen wir das Consent Tool \"Real Cookie Banner\" ein. Details zur Funktionsweise von \"Real Cookie Banner\" findest du unter <a href=\"https:\/\/devowl.io\/de\/rcb\/datenverarbeitung\/\" rel=\"noreferrer\" target=\"_blank\">https:\/\/devowl.io\/de\/rcb\/datenverarbeitung\/<\/a>.\n\nRechtsgrundlagen f\u00fcr die Verarbeitung von personenbezogenen Daten in diesem Zusammenhang sind Art. 6 Abs. 1 lit. c DS-GVO und Art. 6 Abs. 1 lit. f DS-GVO. Unser berechtigtes Interesse ist die Verwaltung der eingesetzten Cookies und \u00e4hnlichen Technologien und der diesbez\u00fcglichen Einwilligungen.\n\nDie Bereitstellung der personenbezogenen Daten ist weder vertraglich vorgeschrieben noch f\u00fcr den Abschluss eines Vertrages notwendig. Du bist nicht verpflichtet die personenbezogenen Daten bereitzustellen. Wenn du die personenbezogenen Daten nicht bereitstellst, k\u00f6nnen wir deine Einwilligungen nicht verwalten.\n\n  <p>Sitzungscookies werden nur tempor\u00e4r gespeichert und beim Schlie\u00dfen Ihres Browsers gel\u00f6scht. Sie sind notwendig, um grundlegende Funktionen der Website bereitzustellen (Rechtsgrundlage: Art. 6 Abs. 1 lit. b und f DSGVO i.V.m. \u00a7 25 Abs. 2 TDDDG).<\/p>\n\n<h3>Permanente Cookies<\/h3>\n<p>Diese Cookies bleiben \u00fcber die Sitzung hinaus gespeichert, wenn Sie dem zugestimmt haben (Art. 6 Abs. 1 lit. a DSGVO i.V.m. \u00a7 25 Abs. 1 TDDDG). Sie dienen z.\u202fB. zur Speicherung Ihrer Einstellungen oder zur Wiedererkennung bei erneutem Besuch.<\/p>\n\n<h3>Cookies vermeiden<\/h3>\n<p>Sie k\u00f6nnen das Setzen von Cookies jederzeit in den Browsereinstellungen deaktivieren. Bitte beachten Sie, dass dies die Funktionalit\u00e4t unserer Website einschr\u00e4nken kann.<\/p>\n\n  <h2 style=\"color: #000;\">Verwendung von Analyseprogrammen<\/h2>\n\n<p>Wir nutzen Google Analytics, um das Verhalten der Nutzer auf unserer Website besser zu verstehen \u2013 jedoch nur, wenn Sie Ihre Einwilligung erteilt haben (Art. 6 Abs. 1 lit. a DSGVO).<\/p>\n\n<p>Google Analytics verwendet Cookies, um Informationen \u00fcber Ihre Nutzung der Website zu sammeln. Diese Daten (einschlie\u00dflich Ihrer IP-Adresse) werden in der Regel an einen Server von Google in den USA \u00fcbertragen. Wir nutzen die Erweiterung <code>_anonymizeIp()<\/code>, um Ihre IP-Adresse zu anonymisieren.<\/p>\n\n<p>Sie k\u00f6nnen die Speicherung der Cookies durch entsprechende Einstellungen in Ihrem Browser verhindern. Weitere Informationen finden Sie in der <a href=\"https:\/\/www.google.com\/intl\/de\/policies\/privacy\/\" target=\"_blank\" rel=\"noopener noreferrer\">Datenschutzerkl\u00e4rung von Google<\/a>.<\/p>\n<h2style=\"color: #000;\">Verwendung von Social Media Plugins<\/h2>\n\n<p>Unsere Website nutzt die datenschutzfreundliche \u201eShariff\u201c-L\u00f6sung f\u00fcr Social-Media-Buttons (z.\u202fB. Facebook, Instagram). Erst beim aktiven Klicken auf den Button wird eine Verbindung zum jeweiligen Netzwerk hergestellt. Mehr Infos: <a href=\"https:\/\/www.heise.de\/ct\/artikel\/Shariff-Social-Media-Buttons-mit-Datenschutz-2467514.html\" target=\"_blank\" rel=\"noopener noreferrer\">Shariff bei heise.de<\/a><\/p>\n\n  <h2 style=\"color: #000;\">Verwendung von Facebook Social Plugins<\/h2>\n\n<p>Wir verwenden Social Plugins des sozialen Netzwerks Facebook, betrieben von der Meta Platforms Ireland Ltd., 4 Grand Canal Square, Dublin 2, Irland. Die Plugins erkennen Sie am Facebook-Logo.<\/p>\n\n<p>Beim aktiven Klick auf einen solchen Button wird eine direkte Verbindung zwischen Ihrem Browser und den Facebook-Servern hergestellt. Facebook kann den Besuch unserer Seiten Ihrem Benutzerkonto zuordnen, sofern Sie dort eingeloggt sind.<\/p>\n\n<p>Weitere Informationen zum Datenschutz bei Facebook finden Sie unter: <a href=\"https:\/\/www.facebook.com\/about\/privacy\/\" target=\"_blank\" rel=\"noopener noreferrer\">https:\/\/www.facebook.com\/about\/privacy\/<\/a><\/p>\n\n<p>Widerspruchsm\u00f6glichkeiten zur personalisierten Werbung: <a href=\"https:\/\/www.facebook.com\/settings?tab=ads\" target=\"_blank\" rel=\"noopener noreferrer\">https:\/\/www.facebook.com\/settings?tab=ads<\/a><\/p>\n\n  <h2 style=\"color: #000;\">Verwendung von Instagram Social Plugins<\/h2>\n\n<p>Auf unserer Website werden sogenannte Social Plugins (\u201ePlugins\u201c) von Instagram verwendet, das von der Instagram LLC., 1601 Willow Road, Menlo Park, CA 94025, USA betrieben wird. Die Plugins sind mit einem Instagram-Logo \u2013 beispielsweise in Form einer kleinen Kamera \u2013 gekennzeichnet.<\/p>\n\n<p>Eine \u00dcbersicht \u00fcber die Instagram Plugins und deren Aussehen finden Sie unter:<br>\n<a href=\"http:\/\/blog.instagram.com\/post\/36222022872\/introducing-instagram-badges\" target=\"_blank\" rel=\"noopener noreferrer\">http:\/\/blog.instagram.com\/post\/36222022872\/introducing-instagram-badges<\/a><\/p>\n\n<p>Die Instagram-Datenschutzerkl\u00e4rung finden Sie unter:<br>\n<a href=\"http:\/\/instagram.com\/about\/legal\/privacy\" target=\"_blank\" rel=\"noopener noreferrer\">http:\/\/instagram.com\/about\/legal\/privacy<\/a><\/p>\n\n<p>Eine Widerspruchsm\u00f6glichkeit mit Wirkung f\u00fcr die Zukunft finden Sie ebenfalls unter obigem Link.<\/p>\n\n<h2 style=\"color: #000;\">Onlineangebote auf Social-Media-Plattformen<\/h2>\n\n<p>Wir unterhalten Onlineangebote auf verschiedenen Social-Media-Plattformen, um dort Informationen bereitzustellen und mit Ihnen in Kontakt zu treten. In diesen F\u00e4llen sind wir gemeinsam mit dem jeweiligen Plattformbetreiber im Sinne des Art. 26 DSGVO verantwortlich.<\/p>\n\n<p>Auf die Datenverarbeitung durch den Plattformbetreiber haben wir keinen direkten Einfluss. In der Regel speichern die Plattformen bei Besuch unserer Seiten Cookies auf Ihrem Ger\u00e4t, um Ihr Nutzungsverhalten zu erfassen und zu Werbezwecken auszuwerten \u2013 auch ger\u00e4te\u00fcbergreifend.<\/p>\n\n<p>Diese Datenverarbeitung kann auch Nutzer betreffen, die nicht bei der jeweiligen Plattform registriert sind. Eine Daten\u00fcbertragung au\u00dferhalb der EU ist nicht auszuschlie\u00dfen, was die Durchsetzung Ihrer Rechte erschweren kann. Wir achten bei der Auswahl unserer Social-Media-Anbieter darauf, dass diese sich zur Einhaltung europ\u00e4ischer Datenschutzstandards verpflichten.<\/p>\n\n<p>Rechtsgrundlage der Verarbeitung ist unser berechtigtes Interesse an \u00d6ffentlichkeitsarbeit und Kommunikation gem. Art. 6 Abs. 1 lit. f DSGVO. Sofern Sie eine Einwilligung gegen\u00fcber dem Plattformbetreiber erteilt haben, ist zus\u00e4tzlich Art. 6 Abs. 1 lit. a DSGVO einschl\u00e4gig.<\/p>\n\n<p>Weitere Informationen zur Datenverarbeitung, Widerspruchsm\u00f6glichkeiten (Opt-Out) und zur Aus\u00fcbung Ihrer Betroffenenrechte finden Sie in der Datenschutzerkl\u00e4rung der jeweiligen Plattform sowie auf unseren eigenen Social-Media-Pr\u00e4senzen.<\/p>\n\n<p>Sofern eine gemeinsame Verantwortlichkeit mit einer Plattform besteht, k\u00f6nnen Sie Ihre Betroffenenrechte auch gegen\u00fcber dem jeweiligen Anbieter geltend machen.<\/p>\n\n<h2 style=\"color: #000;\">Weitere Informationen und Kontakte<\/h2>\n\n<p>Wenn Sie Fragen zum Datenschutz beim SV Mindelzell e.V. haben, wenden Sie sich bitte an uns. Sie haben jederzeit das Recht, Auskunft \u00fcber Ihre bei uns gespeicherten personenbezogenen Daten zu verlangen. Ebenso k\u00f6nnen Sie Berichtigungs- oder L\u00f6schungsw\u00fcnsche jederzeit an uns richten.<\/p>\n\n<p><strong>Kontaktadresse:<\/strong><br>\nSV Mindelzell e.V.<br>\n1. Vorsitzender Tobias Riederle<br>\nAm Mittleren Kreuz 32<br>\n86513 Ursberg<br>\nE-Mail: <a href=\"mailto:vorstand@svmindelzell.de\" ;\">vorstand@svmindelzell.de<\/a><\/p>\n<\/div><\/div><\/div><\/div>\n","protected":false},"excerpt":{"rendered":"","protected":false},"author":1,"featured_media":0,"parent":6,"menu_order":0,"comment_status":"closed","ping_status":"closed","template":"100-width.php","meta":{"footnotes":""},"class_list":["post-453","page","type-page","status-publish","hentry"],"_links":{"self":[{"href":"https:\/\/svmindelzell.de\/index.php\/wp-json\/wp\/v2\/pages\/453","targetHints":{"allow":["GET"]}}],"collection":[{"href":"https:\/\/svmindelzell.de\/index.php\/wp-json\/wp\/v2\/pages"}],"about":[{"href":"https:\/\/svmindelzell.de\/index.php\/wp-json\/wp\/v2\/types\/page"}],"author":[{"embeddable":true,"href":"https:\/\/svmindelzell.de\/index.php\/wp-json\/wp\/v2\/users\/1"}],"replies":[{"embeddable":true,"href":"https:\/\/svmindelzell.de\/index.php\/wp-json\/wp\/v2\/comments?post=453"}],"version-history":[{"count":10,"href":"https:\/\/svmindelzell.de\/index.php\/wp-json\/wp\/v2\/pages\/453\/revisions"}],"predecessor-version":[{"id":464,"href":"https:\/\/svmindelzell.de\/index.php\/wp-json\/wp\/v2\/pages\/453\/revisions\/464"}],"up":[{"embeddable":true,"href":"https:\/\/svmindelzell.de\/index.php\/wp-json\/wp\/v2\/pages\/6"}],"wp:attachment":[{"href":"https:\/\/svmindelzell.de\/index.php\/wp-json\/wp\/v2\/media?parent=453"}],"curies":[{"name":"wp","href":"https:\/\/api.w.org\/{rel}","templated":true}]}}