{"id":509,"date":"2025-07-28T20:39:58","date_gmt":"2025-07-28T20:39:58","guid":{"rendered":"https:\/\/development3.frank-miller.gmbh\/?page_id=509"},"modified":"2025-08-30T20:23:44","modified_gmt":"2025-08-30T20:23:44","slug":"abteilung-stockschiessen","status":"publish","type":"page","link":"https:\/\/svmindelzell.de\/index.php\/homeseite\/abteilungen\/abteilung-stockschiessen\/","title":{"rendered":"Abteilung &#8211; Stockschie\u00dfen"},"content":{"rendered":"<p><div class=\"fusion-fullwidth fullwidth-box fusion-builder-row-1 fusion-flex-container has-pattern-background has-mask-background nonhundred-percent-fullwidth non-hundred-percent-height-scrolling\" style=\"--awb-border-radius-top-left:0px;--awb-border-radius-top-right:0px;--awb-border-radius-bottom-right:0px;--awb-border-radius-bottom-left:0px;--awb-flex-wrap:wrap;\" ><div class=\"fusion-builder-row fusion-row fusion-flex-align-items-flex-start fusion-flex-content-wrap\" style=\"max-width:1248px;margin-left: calc(-4% \/ 2 );margin-right: calc(-4% \/ 2 );\"><div class=\"fusion-layout-column fusion_builder_column fusion-builder-column-0 fusion_builder_column_1_1 1_1 fusion-flex-column\" style=\"--awb-bg-size:cover;--awb-width-large:100%;--awb-margin-top-large:0px;--awb-spacing-right-large:1.92%;--awb-margin-bottom-large:20px;--awb-spacing-left-large:1.92%;--awb-width-medium:100%;--awb-order-medium:0;--awb-spacing-right-medium:1.92%;--awb-spacing-left-medium:1.92%;--awb-width-small:100%;--awb-order-small:0;--awb-spacing-right-small:1.92%;--awb-spacing-left-small:1.92%;\"><div class=\"fusion-column-wrapper fusion-column-has-shadow fusion-flex-justify-content-flex-start fusion-content-layout-column\"><section style=\"margin: 60px 0;\">\n  <h2 style=\"color: #000;\">Stocksch\u00fctzen<\/h2>\n  <p style=\"color: #000;\">Stockschie\u00dfen wird beim SV Mindelzell seit Oktober 2005 angeboten. Der Grundstein der Abteilung liegt allerdings weit fr\u00fcher auf dem Mindelzeller Dorfweiher, wo von je her im Winter \"eisgekegelt\" wurde. Um unabh\u00e4ngiger vom Wetter zu werden entstand auf dem Mindelzeller Sportgel\u00e4nde eine moderne Stockschie\u00df-Anlage mit drei Bahnen, die nicht nur f\u00fcr Trainings sondern auch das ein oder andere interne wie externe Turnier genutzt wird. Unsere Stocksch\u00fctzen sind eine aktive und engagierte Abteilung \u2013 von Turnieren \u00fcber gemeinschaftliche Events bis hin zur neuen Stockbahn ist immer etwas geboten.<\/p>\n\n  <div style=\"display: flex; flex-wrap: wrap; gap: 30px; max-width: 1300px; margin: 40px auto;\">\n    <!-- Abteilungsleiter -->\n    <div style=\"flex: 1 1 400px; background: #fff; border-radius: 10px; padding: 20px; box-shadow: 0 4px 12px rgba(0,0,0,0.1);\">\n      <h3 style=\"color: #000;\">Abteilungsleiter<\/h3>\n      <p style=\"color: #000;\"><strong>Helmut Schiefele<\/strong><br>\n        <a href=\"mailto:stockschiessen@svmindelzell.de\" style=\"color: #f28e1c;\">stockschiessen@svmindelzell.de<\/a><br>\n       <\/p>\n    <\/div>\n\n    <!-- Trainingszeiten -->\n    <div style=\"flex: 1 1 400px; background: #fff; border-radius: 10px; padding: 20px; box-shadow: 0 4px 12px rgba(0,0,0,0.1);\">\n      <h3 style=\"color: #000;\">Trainingszeiten<\/h3>\n      <p style=\"color: #000;\">\n        <strong>Wann:<\/strong> <br> Donnerstag, 19:00 Uhr<br> Samstag, 16:00 Uhr <br>\n        <strong>Wo:<\/strong> Sportgel\u00e4nde in Mindelzell\n      <\/p>\n    <\/div>\n  <\/div>\n\n  <!-- Bild -->\n  <div style=\"text-align: center; margin: 40px auto;\">\n    <img decoding=\"async\" src=\"https:\/\/development3.frank-miller.gmbh\/wp-content\/uploads\/2025\/08\/Kegeln.jpg\" alt=\"Stocksch\u00fctzen SV Mindelzell\" style=\"max-width: 100%; border-radius: 10px; box-shadow: 0 4px 12px rgba(0,0,0,0.1);\">\n  <\/div>\n\n  <!-- Jahresr\u00fcckblick -->\n  <div style=\"max-width: 1400px; margin: 40px auto; color: #000;\">\n    <h3 style=\"color: #000;\">Jahresr\u00fcckblick 2024<\/h3>\n    <p>2024 war ein bewegtes Jahr f\u00fcr unsere Abteilung. Sportlich feierten wir mehrere Turniererfolge \u2013 unter anderem einen ersten Platz in Pfaffenhausen und starke Platzierungen in Loppenhausen, Hausen und Rammingen. Auch bei der Bezirksligameisterschaft und Kreismeisterschaft waren wir mit beiden Mannschaften vertreten.<\/p>\n\n    <p>Ein besonderes Highlight war der Bau unserer neuen Stockbahn. Mit \u00fcber 450 Stunden freiwilliger Arbeitszeit wurde sie im Fr\u00fchjahr fertiggestellt und bereits im April eingeweiht \u2013 ein gro\u00dfer Dank an alle Helfer!<\/p>\n\n    <p>Am 4. Juli richteten wir unser beliebtes <strong>Turnier der Vereine<\/strong> aus. Sieben Teams aus Mindelzell und Umgebung traten mit Ehrgeiz und Teamgeist an. Der Sch\u00fctzenverein Mindelzell sicherte sich dabei den Sieg, dicht gefolgt vom SV Mindelzell und dem Veteranenverein.<\/p>\n\n    <p>Auch das gesellige Miteinander kam nicht zu kurz: Unser Sommerfest, ein Helferfest und gemeinsame Trainingsabende st\u00e4rken unsere Gemeinschaft und bereiten uns bestens auf kommende Herausforderungen vor.<\/p>\n  <\/div>\n<\/section><\/div><\/div><\/div><\/div><div class=\"fusion-fullwidth fullwidth-box fusion-builder-row-2 fusion-flex-container has-pattern-background has-mask-background nonhundred-percent-fullwidth non-hundred-percent-height-scrolling\" style=\"--awb-border-radius-top-left:0px;--awb-border-radius-top-right:0px;--awb-border-radius-bottom-right:0px;--awb-border-radius-bottom-left:0px;--awb-flex-wrap:wrap;\" ><div class=\"fusion-builder-row fusion-row fusion-flex-align-items-flex-start fusion-flex-content-wrap\" style=\"max-width:1248px;margin-left: calc(-4% \/ 2 );margin-right: calc(-4% \/ 2 );\"><div class=\"fusion-layout-column fusion_builder_column fusion-builder-column-1 fusion_builder_column_1_3 1_3 fusion-flex-column\" style=\"--awb-bg-size:cover;--awb-width-large:33.333333333333%;--awb-margin-top-large:0px;--awb-spacing-right-large:5.76%;--awb-margin-bottom-large:20px;--awb-spacing-left-large:5.76%;--awb-width-medium:33.333333333333%;--awb-order-medium:0;--awb-spacing-right-medium:5.76%;--awb-spacing-left-medium:5.76%;--awb-width-small:100%;--awb-order-small:0;--awb-spacing-right-small:1.92%;--awb-spacing-left-small:1.92%;\"><div class=\"fusion-column-wrapper fusion-column-has-shadow fusion-flex-justify-content-flex-start fusion-content-layout-column\"><div class=\"fusion-image-element \" style=\"--awb-caption-title-font-family:var(--h2_typography-font-family);--awb-caption-title-font-weight:var(--h2_typography-font-weight);--awb-caption-title-font-style:var(--h2_typography-font-style);--awb-caption-title-size:var(--h2_typography-font-size);--awb-caption-title-transform:var(--h2_typography-text-transform);--awb-caption-title-line-height:var(--h2_typography-line-height);--awb-caption-title-letter-spacing:var(--h2_typography-letter-spacing);\"><span class=\" fusion-imageframe imageframe-none imageframe-1 hover-type-none\"><img decoding=\"async\" width=\"2016\" height=\"1512\" title=\"K3\" src=\"https:\/\/svmindelzell.de\/wp-content\/uploads\/2025\/08\/K3.jpg\" alt class=\"img-responsive wp-image-567\" srcset=\"https:\/\/svmindelzell.de\/wp-content\/uploads\/2025\/08\/K3-200x150.jpg 200w, https:\/\/svmindelzell.de\/wp-content\/uploads\/2025\/08\/K3-400x300.jpg 400w, https:\/\/svmindelzell.de\/wp-content\/uploads\/2025\/08\/K3-600x450.jpg 600w, https:\/\/svmindelzell.de\/wp-content\/uploads\/2025\/08\/K3-800x600.jpg 800w, https:\/\/svmindelzell.de\/wp-content\/uploads\/2025\/08\/K3-1200x900.jpg 1200w, https:\/\/svmindelzell.de\/wp-content\/uploads\/2025\/08\/K3.jpg 2016w\" sizes=\"(max-width: 640px) 100vw, 400px\" \/><\/span><\/div><\/div><\/div><div class=\"fusion-layout-column fusion_builder_column fusion-builder-column-2 fusion_builder_column_1_3 1_3 fusion-flex-column\" style=\"--awb-bg-size:cover;--awb-width-large:33.333333333333%;--awb-margin-top-large:0px;--awb-spacing-right-large:5.76%;--awb-margin-bottom-large:20px;--awb-spacing-left-large:5.76%;--awb-width-medium:33.333333333333%;--awb-order-medium:0;--awb-spacing-right-medium:5.76%;--awb-spacing-left-medium:5.76%;--awb-width-small:100%;--awb-order-small:0;--awb-spacing-right-small:1.92%;--awb-spacing-left-small:1.92%;\"><div class=\"fusion-column-wrapper fusion-column-has-shadow fusion-flex-justify-content-flex-start fusion-content-layout-column\"><div class=\"fusion-image-element \" style=\"--awb-caption-title-font-family:var(--h2_typography-font-family);--awb-caption-title-font-weight:var(--h2_typography-font-weight);--awb-caption-title-font-style:var(--h2_typography-font-style);--awb-caption-title-size:var(--h2_typography-font-size);--awb-caption-title-transform:var(--h2_typography-text-transform);--awb-caption-title-line-height:var(--h2_typography-line-height);--awb-caption-title-letter-spacing:var(--h2_typography-letter-spacing);\"><span class=\" fusion-imageframe imageframe-none imageframe-2 hover-type-none\"><img decoding=\"async\" width=\"2560\" height=\"1920\" title=\"K13\" src=\"https:\/\/svmindelzell.de\/wp-content\/uploads\/2025\/08\/K13-scaled.jpg\" alt class=\"img-responsive wp-image-577\" srcset=\"https:\/\/svmindelzell.de\/wp-content\/uploads\/2025\/08\/K13-200x150.jpg 200w, https:\/\/svmindelzell.de\/wp-content\/uploads\/2025\/08\/K13-400x300.jpg 400w, https:\/\/svmindelzell.de\/wp-content\/uploads\/2025\/08\/K13-600x450.jpg 600w, https:\/\/svmindelzell.de\/wp-content\/uploads\/2025\/08\/K13-800x600.jpg 800w, https:\/\/svmindelzell.de\/wp-content\/uploads\/2025\/08\/K13-1200x900.jpg 1200w, https:\/\/svmindelzell.de\/wp-content\/uploads\/2025\/08\/K13-scaled.jpg 2560w\" sizes=\"(max-width: 640px) 100vw, 400px\" \/><\/span><\/div><\/div><\/div><div class=\"fusion-layout-column fusion_builder_column fusion-builder-column-3 fusion_builder_column_1_3 1_3 fusion-flex-column\" style=\"--awb-bg-size:cover;--awb-width-large:33.333333333333%;--awb-margin-top-large:0px;--awb-spacing-right-large:5.76%;--awb-margin-bottom-large:20px;--awb-spacing-left-large:5.76%;--awb-width-medium:33.333333333333%;--awb-order-medium:0;--awb-spacing-right-medium:5.76%;--awb-spacing-left-medium:5.76%;--awb-width-small:100%;--awb-order-small:0;--awb-spacing-right-small:1.92%;--awb-spacing-left-small:1.92%;\"><div class=\"fusion-column-wrapper fusion-column-has-shadow fusion-flex-justify-content-flex-start fusion-content-layout-column\"><div class=\"fusion-image-element \" style=\"--awb-caption-title-font-family:var(--h2_typography-font-family);--awb-caption-title-font-weight:var(--h2_typography-font-weight);--awb-caption-title-font-style:var(--h2_typography-font-style);--awb-caption-title-size:var(--h2_typography-font-size);--awb-caption-title-transform:var(--h2_typography-text-transform);--awb-caption-title-line-height:var(--h2_typography-line-height);--awb-caption-title-letter-spacing:var(--h2_typography-letter-spacing);\"><span class=\" fusion-imageframe imageframe-none imageframe-3 hover-type-none\"><img decoding=\"async\" width=\"2016\" height=\"1512\" title=\"K11\" src=\"https:\/\/svmindelzell.de\/wp-content\/uploads\/2025\/08\/K11.jpg\" alt class=\"img-responsive wp-image-575\" srcset=\"https:\/\/svmindelzell.de\/wp-content\/uploads\/2025\/08\/K11-200x150.jpg 200w, https:\/\/svmindelzell.de\/wp-content\/uploads\/2025\/08\/K11-400x300.jpg 400w, https:\/\/svmindelzell.de\/wp-content\/uploads\/2025\/08\/K11-600x450.jpg 600w, https:\/\/svmindelzell.de\/wp-content\/uploads\/2025\/08\/K11-800x600.jpg 800w, https:\/\/svmindelzell.de\/wp-content\/uploads\/2025\/08\/K11-1200x900.jpg 1200w, https:\/\/svmindelzell.de\/wp-content\/uploads\/2025\/08\/K11.jpg 2016w\" sizes=\"(max-width: 640px) 100vw, 400px\" \/><\/span><\/div><\/div><\/div><\/div><\/div><\/p>\n","protected":false},"excerpt":{"rendered":"","protected":false},"author":1,"featured_media":0,"parent":248,"menu_order":0,"comment_status":"closed","ping_status":"closed","template":"100-width.php","meta":{"footnotes":""},"class_list":["post-509","page","type-page","status-publish","hentry"],"_links":{"self":[{"href":"https:\/\/svmindelzell.de\/index.php\/wp-json\/wp\/v2\/pages\/509","targetHints":{"allow":["GET"]}}],"collection":[{"href":"https:\/\/svmindelzell.de\/index.php\/wp-json\/wp\/v2\/pages"}],"about":[{"href":"https:\/\/svmindelzell.de\/index.php\/wp-json\/wp\/v2\/types\/page"}],"author":[{"embeddable":true,"href":"https:\/\/svmindelzell.de\/index.php\/wp-json\/wp\/v2\/users\/1"}],"replies":[{"embeddable":true,"href":"https:\/\/svmindelzell.de\/index.php\/wp-json\/wp\/v2\/comments?post=509"}],"version-history":[{"count":12,"href":"https:\/\/svmindelzell.de\/index.php\/wp-json\/wp\/v2\/pages\/509\/revisions"}],"predecessor-version":[{"id":743,"href":"https:\/\/svmindelzell.de\/index.php\/wp-json\/wp\/v2\/pages\/509\/revisions\/743"}],"up":[{"embeddable":true,"href":"https:\/\/svmindelzell.de\/index.php\/wp-json\/wp\/v2\/pages\/248"}],"wp:attachment":[{"href":"https:\/\/svmindelzell.de\/index.php\/wp-json\/wp\/v2\/media?parent=509"}],"curies":[{"name":"wp","href":"https:\/\/api.w.org\/{rel}","templated":true}]}}